{"id":6,"date":"2015-09-07T15:43:20","date_gmt":"2015-09-07T13:43:20","guid":{"rendered":"http:\/\/www.2016.lill-berget.se\/?page_id=6"},"modified":"2026-04-06T18:07:51","modified_gmt":"2026-04-06T16:07:51","slug":"lill-berget","status":"publish","type":"page","link":"https:\/\/www.lill-berget.se\/en\/","title":{"rendered":"Rent a cabin in the High Cost"},"content":{"rendered":"<p>Rent a cabin in the High Coast and experience the beautiful nature! You find the us in the middle of the High Coast at the address <a href=\"https:\/\/maps.app.goo.gl\/1K1uPp7hfh8wS9SAA\" target=\"_blank\" rel=\"noopener noreferrer\">Omne 202, 873 98 Nordingr\u00e5, Sweden<\/a>.<\/p>\n<p>There is possibility to charge your EV (3-phase, 16A, own Type 2 cable) in connection to the cabins for a fee. It is <strong>strictly forbidden<\/strong> to charge via outlets in the cabins.<\/p>\n<p>We have 2 cabins, and each cabin are 50 sqm and equipped as follows.<\/p>\n\n\t\t<style type=\"text\/css\">\n\t\t\t#gallery-1 {\n\t\t\t\tmargin: auto;\n\t\t\t}\n\t\t\t#gallery-1 .gallery-item {\n\t\t\t\tfloat: left;\n\t\t\t\tmargin-top: 10px;\n\t\t\t\ttext-align: center;\n\t\t\t\twidth: 25%;\n\t\t\t}\n\t\t\t#gallery-1 img {\n\t\t\t\tborder: 2px solid #cfcfcf;\n\t\t\t}\n\t\t\t#gallery-1 .gallery-caption {\n\t\t\t\tmargin-left: 0;\n\t\t\t}\n\t\t\t\/* see gallery_shortcode() in wp-includes\/media.php *\/\n\t\t<\/style>\n\t\t<div id='gallery-1' class='gallery galleryid-6 gallery-columns-4 gallery-size-thumbnail'><dl class='gallery-item'>\n\t\t\t<dt class='gallery-icon landscape'>\n\t\t\t\t<a href='https:\/\/www.lill-berget.se\/wp-content\/uploads\/2026\/04\/IMG_5488.jpeg'><img loading=\"lazy\" decoding=\"async\" width=\"150\" height=\"150\" src=\"https:\/\/www.lill-berget.se\/wp-content\/uploads\/2026\/04\/IMG_5488-150x150.jpeg\" class=\"attachment-thumbnail size-thumbnail\" alt=\"\" \/><\/a>\n\t\t\t<\/dt><\/dl><dl class='gallery-item'>\n\t\t\t<dt class='gallery-icon landscape'>\n\t\t\t\t<a href='https:\/\/www.lill-berget.se\/wp-content\/uploads\/2026\/04\/IMG_5567.jpeg'><img loading=\"lazy\" decoding=\"async\" width=\"150\" height=\"150\" src=\"https:\/\/www.lill-berget.se\/wp-content\/uploads\/2026\/04\/IMG_5567-150x150.jpeg\" class=\"attachment-thumbnail size-thumbnail\" alt=\"\" \/><\/a>\n\t\t\t<\/dt><\/dl><dl class='gallery-item'>\n\t\t\t<dt class='gallery-icon portrait'>\n\t\t\t\t<a href='https:\/\/www.lill-berget.se\/wp-content\/uploads\/2026\/04\/IMG_2653.jpeg'><img loading=\"lazy\" decoding=\"async\" width=\"150\" height=\"150\" src=\"https:\/\/www.lill-berget.se\/wp-content\/uploads\/2026\/04\/IMG_2653-150x150.jpeg\" class=\"attachment-thumbnail size-thumbnail\" alt=\"\" \/><\/a>\n\t\t\t<\/dt><\/dl><dl class='gallery-item'>\n\t\t\t<dt class='gallery-icon landscape'>\n\t\t\t\t<a href='https:\/\/www.lill-berget.se\/wp-content\/uploads\/2026\/04\/IMG_2632.jpeg'><img loading=\"lazy\" decoding=\"async\" width=\"150\" height=\"150\" src=\"https:\/\/www.lill-berget.se\/wp-content\/uploads\/2026\/04\/IMG_2632-150x150.jpeg\" class=\"attachment-thumbnail size-thumbnail\" alt=\"\" \/><\/a>\n\t\t\t<\/dt><\/dl><br style=\"clear: both\" \/>\n\t\t<\/div>\n\n<h2>Kitchen<\/h2>\n<p>Equipped with dishes and cutlery for 6 persons. Stove, oven, fridge, freezer, microwave oven, coffee maker and toaster.<\/p>\n<h2>Living room<\/h2>\n<p>Comfortable sofa bed, armchair and a TV with a chromecast.<\/p>\n<h2>Bedroom<\/h2>\n<p>2 single beds, which can be arranged into one double bed.<\/p>\n<h2>Bathroom<\/h2>\n<p>Toilet, sink and shower. Cabin 2 is equipped with a washing machine.<\/p>\n<h2>Internet<\/h2>\n<p>All guests can use our wireless Internet access. The service is provided as-is, e.g. no technical support for guests own device.<\/p>\n<h2>Other<\/h2>\n<p>Quilts, pillows and blankets for 5 people is available in the cabin, the guest has to bring their own bed-linen. Patio with furniture and barbecue. Big green spaces with good opportunities for playing. 400 meter to a lake. Approximately 4 km to the closest grocery store.<\/p>\n<h2>Cleaning<\/h2>\n<p>The guest cleans the cabin after their stay and restore it in the state it was at arrival.<\/p>\n<h2>Waste management<\/h2>\n<p>All waste <strong>most<\/strong> be sorted, even compost.<\/p>\n","protected":false},"excerpt":{"rendered":"<p>Rent a cabin in the High Coast and experience the beautiful nature! You find the us in the middle of the High Coast at the address Omne 202, 873 98 Nordingr\u00e5, Sweden. There is possibility to charge your EV (3-phase, 16A, own Type 2 cable) in connection to the cabins for a fee. It is [&hellip;]<\/p>\n","protected":false},"author":1,"featured_media":282,"parent":0,"menu_order":0,"comment_status":"closed","ping_status":"closed","template":"","meta":{"_monsterinsights_skip_tracking":false,"_monsterinsights_sitenote_active":false,"_monsterinsights_sitenote_note":"","_monsterinsights_sitenote_category":0,"footnotes":""},"class_list":["post-6","page","type-page","status-publish","has-post-thumbnail","hentry"],"translation":{"provider":"WPGlobus","version":"3.0.2","language":"en","enabled_languages":["sv","en"],"languages":{"sv":{"title":true,"content":true,"excerpt":false},"en":{"title":true,"content":true,"excerpt":false}}},"yoast_head":"<!-- This site is optimized with the Yoast SEO plugin v27.3 - https:\/\/yoast.com\/product\/yoast-seo-wordpress\/ -->\n<title>Hyr stuga mitt i v\u00e4rldsnaturarvet H\u00f6ga Kusten, Omne<\/title>\n<meta name=\"robots\" content=\"index, follow, max-snippet:-1, max-image-preview:large, max-video-preview:-1\" \/>\n<link rel=\"canonical\" href=\"https:\/\/www.lill-berget.se\/\" \/>\n<meta property=\"og:locale\" content=\"en_US\" \/>\n<meta property=\"og:type\" content=\"article\" \/>\n<meta property=\"og:title\" content=\"Rent a cabin in the High Cost - Lill-Berget\" \/>\n<meta property=\"og:url\" content=\"https:\/\/www.lill-berget.se\/\" \/>\n<meta property=\"og:site_name\" content=\"Lill-Berget\" \/>\n<meta property=\"article:publisher\" content=\"https:\/\/www.facebook.com\/lillberget\" \/>\n<meta property=\"article:modified_time\" content=\"2026-04-06T16:07:51+00:00\" \/>\n<meta property=\"og:image\" content=\"https:\/\/www.lill-berget.se\/wp-content\/uploads\/2015\/09\/DSC_0013-1024x683.jpg\" \/>\n\t<meta property=\"og:image:width\" content=\"1024\" \/>\n\t<meta property=\"og:image:height\" content=\"683\" \/>\n\t<meta property=\"og:image:type\" content=\"image\/jpeg\" \/>\n<meta name=\"twitter:card\" content=\"summary_large_image\" \/>\n<meta name=\"twitter:label1\" content=\"Est. reading time\" \/>\n\t<meta name=\"twitter:data1\" content=\"3 minutes\" \/>\n<script type=\"application\/ld+json\" class=\"yoast-schema-graph\">{\"@context\":\"https:\\\/\\\/schema.org\",\"@graph\":[{\"@type\":[\"WebPage\",\"AboutPage\"],\"@id\":\"https:\\\/\\\/www.lill-berget.se\\\/\",\"url\":\"https:\\\/\\\/www.lill-berget.se\\\/\",\"name\":\"Hyr stuga mitt i v\u00e4rldsnaturarvet H\u00f6ga Kusten, Omne\",\"isPartOf\":{\"@id\":\"https:\\\/\\\/www.lill-berget.se\\\/#website\"},\"primaryImageOfPage\":{\"@id\":\"https:\\\/\\\/www.lill-berget.se\\\/#primaryimage\"},\"image\":{\"@id\":\"https:\\\/\\\/www.lill-berget.se\\\/#primaryimage\"},\"thumbnailUrl\":\"https:\\\/\\\/www.lill-berget.se\\\/wp-content\\\/uploads\\\/2015\\\/09\\\/DSC_0013.jpg\",\"datePublished\":\"2015-09-07T13:43:20+00:00\",\"dateModified\":\"2026-04-06T16:07:51+00:00\",\"description\":\"Hyr stuga i H\u00f6ga Kusten och upplev den vackra naturen! Ni hittar oss mitt i H\u00f6ga Kusten i byn Omne. N\u00e4ra till allt v\u00e4rldsarvet har att erbjuda.\",\"breadcrumb\":{\"@id\":\"https:\\\/\\\/www.lill-berget.se\\\/#breadcrumb\"},\"inLanguage\":\"en-US\",\"potentialAction\":[{\"@type\":\"ReadAction\",\"target\":[\"https:\\\/\\\/www.lill-berget.se\\\/\"]}]},{\"@type\":\"ImageObject\",\"inLanguage\":\"en-US\",\"@id\":\"https:\\\/\\\/www.lill-berget.se\\\/#primaryimage\",\"url\":\"https:\\\/\\\/www.lill-berget.se\\\/wp-content\\\/uploads\\\/2015\\\/09\\\/DSC_0013.jpg\",\"contentUrl\":\"https:\\\/\\\/www.lill-berget.se\\\/wp-content\\\/uploads\\\/2015\\\/09\\\/DSC_0013.jpg\",\"width\":4608,\"height\":3072,\"caption\":\"All three cabin\"},{\"@type\":\"BreadcrumbList\",\"@id\":\"https:\\\/\\\/www.lill-berget.se\\\/#breadcrumb\",\"itemListElement\":[{\"@type\":\"ListItem\",\"position\":1,\"name\":\"Hem\",\"item\":\"https:\\\/\\\/www.lill-berget.se\\\/\"},{\"@type\":\"ListItem\",\"position\":2,\"name\":\"Hyr stuga i H\u00f6ga Kusten\"}]},{\"@type\":\"WebSite\",\"@id\":\"https:\\\/\\\/www.lill-berget.se\\\/#website\",\"url\":\"https:\\\/\\\/www.lill-berget.se\\\/\",\"name\":\"Lill-Berget\",\"description\":\"Housing in the middle of the beautiful High Coast\",\"publisher\":{\"@id\":\"https:\\\/\\\/www.lill-berget.se\\\/#organization\"},\"potentialAction\":[{\"@type\":\"SearchAction\",\"target\":{\"@type\":\"EntryPoint\",\"urlTemplate\":\"https:\\\/\\\/www.lill-berget.se\\\/?s={search_term_string}\"},\"query-input\":{\"@type\":\"PropertyValueSpecification\",\"valueRequired\":true,\"valueName\":\"search_term_string\"}}],\"inLanguage\":\"en-US\"},{\"@type\":\"Organization\",\"@id\":\"https:\\\/\\\/www.lill-berget.se\\\/#organization\",\"name\":\"Lill-Berget\",\"url\":\"https:\\\/\\\/www.lill-berget.se\\\/\",\"logo\":{\"@type\":\"ImageObject\",\"inLanguage\":\"en-US\",\"@id\":\"https:\\\/\\\/www.lill-berget.se\\\/#\\\/schema\\\/logo\\\/image\\\/\",\"url\":\"https:\\\/\\\/www.lill-berget.se\\\/wp-content\\\/uploads\\\/2015\\\/09\\\/skylten.jpg\",\"contentUrl\":\"https:\\\/\\\/www.lill-berget.se\\\/wp-content\\\/uploads\\\/2015\\\/09\\\/skylten.jpg\",\"width\":800,\"height\":800,\"caption\":\"Lill-Berget\"},\"image\":{\"@id\":\"https:\\\/\\\/www.lill-berget.se\\\/#\\\/schema\\\/logo\\\/image\\\/\"},\"sameAs\":[\"https:\\\/\\\/www.facebook.com\\\/lillberget\"]}]}<\/script>\n<!-- \/ Yoast SEO plugin. -->","yoast_head_json":{"title":"Hyr stuga mitt i v\u00e4rldsnaturarvet H\u00f6ga Kusten, Omne","robots":{"index":"index","follow":"follow","max-snippet":"max-snippet:-1","max-image-preview":"max-image-preview:large","max-video-preview":"max-video-preview:-1"},"canonical":"https:\/\/www.lill-berget.se\/","og_locale":"en_US","og_type":"article","og_title":"Rent a cabin in the High Cost - Lill-Berget","og_url":"https:\/\/www.lill-berget.se\/","og_site_name":"Lill-Berget","article_publisher":"https:\/\/www.facebook.com\/lillberget","article_modified_time":"2026-04-06T16:07:51+00:00","og_image":[{"width":1024,"height":683,"url":"https:\/\/www.lill-berget.se\/wp-content\/uploads\/2015\/09\/DSC_0013-1024x683.jpg","type":"image\/jpeg"}],"twitter_card":"summary_large_image","twitter_misc":{"Est. reading time":"3 minutes"},"schema":{"@context":"https:\/\/schema.org","@graph":[{"@type":["WebPage","AboutPage"],"@id":"https:\/\/www.lill-berget.se\/","url":"https:\/\/www.lill-berget.se\/","name":"Hyr stuga mitt i v\u00e4rldsnaturarvet H\u00f6ga Kusten, Omne","isPartOf":{"@id":"https:\/\/www.lill-berget.se\/#website"},"primaryImageOfPage":{"@id":"https:\/\/www.lill-berget.se\/#primaryimage"},"image":{"@id":"https:\/\/www.lill-berget.se\/#primaryimage"},"thumbnailUrl":"https:\/\/www.lill-berget.se\/wp-content\/uploads\/2015\/09\/DSC_0013.jpg","datePublished":"2015-09-07T13:43:20+00:00","dateModified":"2026-04-06T16:07:51+00:00","description":"Hyr stuga i H\u00f6ga Kusten och upplev den vackra naturen! Ni hittar oss mitt i H\u00f6ga Kusten i byn Omne. N\u00e4ra till allt v\u00e4rldsarvet har att erbjuda.","breadcrumb":{"@id":"https:\/\/www.lill-berget.se\/#breadcrumb"},"inLanguage":"en-US","potentialAction":[{"@type":"ReadAction","target":["https:\/\/www.lill-berget.se\/"]}]},{"@type":"ImageObject","inLanguage":"en-US","@id":"https:\/\/www.lill-berget.se\/#primaryimage","url":"https:\/\/www.lill-berget.se\/wp-content\/uploads\/2015\/09\/DSC_0013.jpg","contentUrl":"https:\/\/www.lill-berget.se\/wp-content\/uploads\/2015\/09\/DSC_0013.jpg","width":4608,"height":3072,"caption":"All three cabin"},{"@type":"BreadcrumbList","@id":"https:\/\/www.lill-berget.se\/#breadcrumb","itemListElement":[{"@type":"ListItem","position":1,"name":"Hem","item":"https:\/\/www.lill-berget.se\/"},{"@type":"ListItem","position":2,"name":"Hyr stuga i H\u00f6ga Kusten"}]},{"@type":"WebSite","@id":"https:\/\/www.lill-berget.se\/#website","url":"https:\/\/www.lill-berget.se\/","name":"Lill-Berget","description":"Housing in the middle of the beautiful High Coast","publisher":{"@id":"https:\/\/www.lill-berget.se\/#organization"},"potentialAction":[{"@type":"SearchAction","target":{"@type":"EntryPoint","urlTemplate":"https:\/\/www.lill-berget.se\/?s={search_term_string}"},"query-input":{"@type":"PropertyValueSpecification","valueRequired":true,"valueName":"search_term_string"}}],"inLanguage":"en-US"},{"@type":"Organization","@id":"https:\/\/www.lill-berget.se\/#organization","name":"Lill-Berget","url":"https:\/\/www.lill-berget.se\/","logo":{"@type":"ImageObject","inLanguage":"en-US","@id":"https:\/\/www.lill-berget.se\/#\/schema\/logo\/image\/","url":"https:\/\/www.lill-berget.se\/wp-content\/uploads\/2015\/09\/skylten.jpg","contentUrl":"https:\/\/www.lill-berget.se\/wp-content\/uploads\/2015\/09\/skylten.jpg","width":800,"height":800,"caption":"Lill-Berget"},"image":{"@id":"https:\/\/www.lill-berget.se\/#\/schema\/logo\/image\/"},"sameAs":["https:\/\/www.facebook.com\/lillberget"]}]}},"_links":{"self":[{"href":"https:\/\/www.lill-berget.se\/en\/wp-json\/wp\/v2\/pages\/6","targetHints":{"allow":["GET"]}}],"collection":[{"href":"https:\/\/www.lill-berget.se\/en\/wp-json\/wp\/v2\/pages"}],"about":[{"href":"https:\/\/www.lill-berget.se\/en\/wp-json\/wp\/v2\/types\/page"}],"author":[{"embeddable":true,"href":"https:\/\/www.lill-berget.se\/en\/wp-json\/wp\/v2\/users\/1"}],"replies":[{"embeddable":true,"href":"https:\/\/www.lill-berget.se\/en\/wp-json\/wp\/v2\/comments?post=6"}],"version-history":[{"count":88,"href":"https:\/\/www.lill-berget.se\/en\/wp-json\/wp\/v2\/pages\/6\/revisions"}],"predecessor-version":[{"id":506,"href":"https:\/\/www.lill-berget.se\/en\/wp-json\/wp\/v2\/pages\/6\/revisions\/506"}],"wp:featuredmedia":[{"embeddable":true,"href":"https:\/\/www.lill-berget.se\/en\/wp-json\/wp\/v2\/media\/282"}],"wp:attachment":[{"href":"https:\/\/www.lill-berget.se\/en\/wp-json\/wp\/v2\/media?parent=6"}],"curies":[{"name":"wp","href":"https:\/\/api.w.org\/{rel}","templated":true}]}}